{"id":1157,"date":"2022-05-31T17:25:45","date_gmt":"2022-05-31T15:25:45","guid":{"rendered":"http:\/\/www2.centrostirling.com\/proyectos\/solruc\/"},"modified":"2022-06-30T12:04:34","modified_gmt":"2022-06-30T10:04:34","slug":"solruc","status":"publish","type":"page","link":"https:\/\/mc3.es\/eu\/proiektuak\/solruc\/","title":{"rendered":"Solruc"},"content":{"rendered":"\n<h1>\n\t\tSolruc\n\t<\/h1>\n\t<a href=\"\" target=\"_self\" role=\"button\" aria-label=\"Optimizaci\u00f3n del producto\" rel=\"noopener\">\n\t\t\t\t\t\tOptimizaci\u00f3n del producto\n\t\t\t\t\t<\/a>\n\t<p>Mini bomba de calor ultra compacta basada en ciclo de refrigeraci\u00f3n por compresi\u00f3n.<\/p>\n\t\t\t\t\t\t\t\t<a href=\"https:\/\/mc3.es\/wp-content\/uploads\/2022\/05\/solruc-l.jpg\" target=\"_self\" itemprop=\"url\" rel=\"noopener\">\n\t\t\t\t\t\t\t\t\t<img decoding=\"async\" src=\"https:\/\/mc3.es\/wp-content\/uploads\/2022\/05\/solruc-l.jpg\" alt=\"solruc-l\" itemprop=\"image\" height=\"911\" width=\"852\" srcset=\"https:\/\/mc3.es\/wp-content\/uploads\/2022\/05\/solruc-l.jpg 852w, https:\/\/mc3.es\/wp-content\/uploads\/2022\/05\/solruc-l-281x300.jpg 281w, https:\/\/mc3.es\/wp-content\/uploads\/2022\/05\/solruc-l-768x821.jpg 768w\" sizes=\"(max-width: 852px) 100vw, 852px\" title=\"solruc-l\" onerror=\"this.style.display='none'\">\n\t\t\t\t\t\t\t\t\t\t\t\t\t<\/a>\n","protected":false},"excerpt":{"rendered":"<p>Solruc Optimizaci\u00f3n del producto Mini bomba de calor ultra compacta basada en ciclo de refrigeraci\u00f3n por compresi\u00f3n.<\/p>\n","protected":false},"author":3,"featured_media":0,"parent":1122,"menu_order":0,"comment_status":"closed","ping_status":"closed","template":"","meta":{"footnotes":""},"class_list":["post-1157","page","type-page","status-publish","hentry"],"_links":{"self":[{"href":"https:\/\/mc3.es\/eu\/wp-json\/wp\/v2\/pages\/1157","targetHints":{"allow":["GET"]}}],"collection":[{"href":"https:\/\/mc3.es\/eu\/wp-json\/wp\/v2\/pages"}],"about":[{"href":"https:\/\/mc3.es\/eu\/wp-json\/wp\/v2\/types\/page"}],"author":[{"embeddable":true,"href":"https:\/\/mc3.es\/eu\/wp-json\/wp\/v2\/users\/3"}],"replies":[{"embeddable":true,"href":"https:\/\/mc3.es\/eu\/wp-json\/wp\/v2\/comments?post=1157"}],"version-history":[{"count":0,"href":"https:\/\/mc3.es\/eu\/wp-json\/wp\/v2\/pages\/1157\/revisions"}],"up":[{"embeddable":true,"href":"https:\/\/mc3.es\/eu\/wp-json\/wp\/v2\/pages\/1122"}],"wp:attachment":[{"href":"https:\/\/mc3.es\/eu\/wp-json\/wp\/v2\/media?parent=1157"}],"curies":[{"name":"wp","href":"https:\/\/api.w.org\/{rel}","templated":true}]}}