{"id":1152,"date":"2022-05-31T17:29:04","date_gmt":"2022-05-31T15:29:04","guid":{"rendered":"http:\/\/www2.centrostirling.com\/proyectos\/partiflu\/"},"modified":"2022-06-30T12:01:59","modified_gmt":"2022-06-30T10:01:59","slug":"partiflu","status":"publish","type":"page","link":"https:\/\/mc3.es\/eu\/proiektuak\/partiflu\/","title":{"rendered":"Partiflu"},"content":{"rendered":"\n<h1>\n\t\tPartiflu\n\t<\/h1>\n\t<a href=\"\" target=\"_self\" role=\"button\" aria-label=\"Optimizaci\u00f3n de producto\" rel=\"noopener\">\n\t\t\t\t\t\tOptimizaci\u00f3n de producto\n\t\t\t\t\t<\/a>\n\t<p>Investigaci\u00f3n sobre el comportamiento de las part\u00edculas en un fluido y bajo un campo magn\u00e9tico. Simulaciones flu\u00eddicas y magn\u00e9ticas as\u00ed como su caracterizaci\u00f3n.<\/p>\n\t\t\t\t\t\t\t\t<a href=\"https:\/\/mc3.es\/wp-content\/uploads\/2022\/05\/partiflu-l.jpg\" target=\"_self\" itemprop=\"url\" rel=\"noopener\">\n\t\t\t\t\t\t\t\t\t<img decoding=\"async\" src=\"https:\/\/mc3.es\/wp-content\/uploads\/2022\/05\/partiflu-l.jpg\" alt=\"partiflu-l\" itemprop=\"image\" height=\"844\" width=\"1500\" srcset=\"https:\/\/mc3.es\/wp-content\/uploads\/2022\/05\/partiflu-l.jpg 1500w, https:\/\/mc3.es\/wp-content\/uploads\/2022\/05\/partiflu-l-300x169.jpg 300w, https:\/\/mc3.es\/wp-content\/uploads\/2022\/05\/partiflu-l-1024x576.jpg 1024w, https:\/\/mc3.es\/wp-content\/uploads\/2022\/05\/partiflu-l-768x432.jpg 768w\" sizes=\"(max-width: 1500px) 100vw, 1500px\" title=\"partiflu-l\" onerror=\"this.style.display='none'\">\n\t\t\t\t\t\t\t\t\t\t\t\t\t<\/a>\n","protected":false},"excerpt":{"rendered":"<p>Partiflu Optimizaci\u00f3n de producto Investigaci\u00f3n sobre el comportamiento de las part\u00edculas en un fluido y bajo un campo magn\u00e9tico. Simulaciones flu\u00eddicas y magn\u00e9ticas as\u00ed como su caracterizaci\u00f3n.<\/p>\n","protected":false},"author":3,"featured_media":0,"parent":1122,"menu_order":0,"comment_status":"closed","ping_status":"closed","template":"","meta":{"footnotes":""},"class_list":["post-1152","page","type-page","status-publish","hentry"],"_links":{"self":[{"href":"https:\/\/mc3.es\/eu\/wp-json\/wp\/v2\/pages\/1152","targetHints":{"allow":["GET"]}}],"collection":[{"href":"https:\/\/mc3.es\/eu\/wp-json\/wp\/v2\/pages"}],"about":[{"href":"https:\/\/mc3.es\/eu\/wp-json\/wp\/v2\/types\/page"}],"author":[{"embeddable":true,"href":"https:\/\/mc3.es\/eu\/wp-json\/wp\/v2\/users\/3"}],"replies":[{"embeddable":true,"href":"https:\/\/mc3.es\/eu\/wp-json\/wp\/v2\/comments?post=1152"}],"version-history":[{"count":0,"href":"https:\/\/mc3.es\/eu\/wp-json\/wp\/v2\/pages\/1152\/revisions"}],"up":[{"embeddable":true,"href":"https:\/\/mc3.es\/eu\/wp-json\/wp\/v2\/pages\/1122"}],"wp:attachment":[{"href":"https:\/\/mc3.es\/eu\/wp-json\/wp\/v2\/media?parent=1152"}],"curies":[{"name":"wp","href":"https:\/\/api.w.org\/{rel}","templated":true}]}}