{"id":1240,"date":"2022-05-31T17:17:54","date_gmt":"2022-05-31T15:17:54","guid":{"rendered":"http:\/\/www2.centrostirling.com\/proyectos\/resteria\/"},"modified":"2022-06-30T12:05:23","modified_gmt":"2022-06-30T10:05:23","slug":"resteria","status":"publish","type":"page","link":"https:\/\/mc3.es\/en\/projects\/resteria\/","title":{"rendered":"Resteria"},"content":{"rendered":"\n<h1>\n\t\tResteria\n\t<\/h1>\n\t<a href=\"\" target=\"_self\" role=\"button\" aria-label=\"Electr\u00f3nica de  potencia\" rel=\"noopener\">\n\t\t\t\t\t\tElectr\u00f3nica de  potencia\n\t\t\t\t\t<\/a>\n\t<p>Plataforma adaptativa de inducci\u00f3n resonante para la optimizaci\u00f3n de ensayos de termograf\u00eda inductiva mediante la aplicaci\u00f3n de inteligencia artificial.<\/p>\n\t\t\t\t\t\t\t\t<a href=\"https:\/\/mc3.es\/wp-content\/uploads\/2022\/05\/resteria.jpg\" target=\"_self\" itemprop=\"url\" rel=\"noopener\">\n\t\t\t\t\t\t\t\t\t<img decoding=\"async\" src=\"https:\/\/mc3.es\/wp-content\/uploads\/2022\/05\/resteria.jpg\" alt=\"resteria\" itemprop=\"image\" height=\"564\" width=\"497\" srcset=\"https:\/\/mc3.es\/wp-content\/uploads\/2022\/05\/resteria.jpg 497w, https:\/\/mc3.es\/wp-content\/uploads\/2022\/05\/resteria-264x300.jpg 264w\" sizes=\"(max-width: 497px) 100vw, 497px\" title=\"resteria\" onerror=\"this.style.display='none'\">\n\t\t\t\t\t\t\t\t\t\t\t\t\t<\/a>\n","protected":false},"excerpt":{"rendered":"<p>Resteria Electr\u00f3nica de potencia Plataforma adaptativa de inducci\u00f3n resonante para la optimizaci\u00f3n de ensayos de termograf\u00eda inductiva mediante la aplicaci\u00f3n de inteligencia artificial.<\/p>\n","protected":false},"author":3,"featured_media":0,"parent":1133,"menu_order":0,"comment_status":"closed","ping_status":"closed","template":"","meta":{"footnotes":""},"class_list":["post-1240","page","type-page","status-publish","hentry"],"_links":{"self":[{"href":"https:\/\/mc3.es\/en\/wp-json\/wp\/v2\/pages\/1240","targetHints":{"allow":["GET"]}}],"collection":[{"href":"https:\/\/mc3.es\/en\/wp-json\/wp\/v2\/pages"}],"about":[{"href":"https:\/\/mc3.es\/en\/wp-json\/wp\/v2\/types\/page"}],"author":[{"embeddable":true,"href":"https:\/\/mc3.es\/en\/wp-json\/wp\/v2\/users\/3"}],"replies":[{"embeddable":true,"href":"https:\/\/mc3.es\/en\/wp-json\/wp\/v2\/comments?post=1240"}],"version-history":[{"count":0,"href":"https:\/\/mc3.es\/en\/wp-json\/wp\/v2\/pages\/1240\/revisions"}],"up":[{"embeddable":true,"href":"https:\/\/mc3.es\/en\/wp-json\/wp\/v2\/pages\/1133"}],"wp:attachment":[{"href":"https:\/\/mc3.es\/en\/wp-json\/wp\/v2\/media?parent=1240"}],"curies":[{"name":"wp","href":"https:\/\/api.w.org\/{rel}","templated":true}]}}