{"id":1234,"date":"2022-05-30T11:07:08","date_gmt":"2022-05-30T09:07:08","guid":{"rendered":"http:\/\/www2.centrostirling.com\/proyectos\/marga\/"},"modified":"2022-06-30T12:03:09","modified_gmt":"2022-06-30T10:03:09","slug":"marga","status":"publish","type":"page","link":"https:\/\/mc3.es\/en\/projects\/marga\/","title":{"rendered":"Marga"},"content":{"rendered":"\n<h1>\n\t\tMarga\n\t<\/h1>\n\t<a href=\"\" target=\"_self\" role=\"button\" aria-label=\"Electromagnetismo\" rel=\"noopener\">\n\t\t\t\t\t\tElectromagnetismo\n\t\t\t\t\t<\/a>\n\t<p>Desarrollo de una nueva metodolog\u00eda de control para motores s\u00edncronos monof\u00e1sicos de imanes permanentes con estator en U, basada en una electr\u00f3nica de bajo coste que permita aumentar sus prestaciones.<\/p>\n\t\t\t\t\t\t\t\t<a href=\"https:\/\/mc3.es\/wp-content\/uploads\/2022\/05\/magnetismo.png\" target=\"_self\" itemprop=\"url\" rel=\"noopener\">\n\t\t\t\t\t\t\t\t\t<img decoding=\"async\" src=\"https:\/\/mc3.es\/wp-content\/uploads\/2022\/05\/magnetismo.png\" alt=\"Electromagnetismo\" itemprop=\"image\" height=\"695\" width=\"878\" srcset=\"https:\/\/mc3.es\/wp-content\/uploads\/2022\/05\/magnetismo.png 878w, https:\/\/mc3.es\/wp-content\/uploads\/2022\/05\/magnetismo-300x237.png 300w, https:\/\/mc3.es\/wp-content\/uploads\/2022\/05\/magnetismo-768x608.png 768w\" sizes=\"(max-width: 878px) 100vw, 878px\" title=\"magnetismo\" onerror=\"this.style.display='none'\">\n\t\t\t\t\t\t\t\t\t\t\t\t\t<\/a>\n","protected":false},"excerpt":{"rendered":"<p>Marga Electromagnetismo Desarrollo de una nueva metodolog\u00eda de control para motores s\u00edncronos monof\u00e1sicos de imanes permanentes con estator en U, basada en una electr\u00f3nica de bajo coste que permita aumentar sus prestaciones.<\/p>\n","protected":false},"author":3,"featured_media":0,"parent":1133,"menu_order":0,"comment_status":"closed","ping_status":"closed","template":"","meta":{"footnotes":""},"class_list":["post-1234","page","type-page","status-publish","hentry"],"_links":{"self":[{"href":"https:\/\/mc3.es\/en\/wp-json\/wp\/v2\/pages\/1234","targetHints":{"allow":["GET"]}}],"collection":[{"href":"https:\/\/mc3.es\/en\/wp-json\/wp\/v2\/pages"}],"about":[{"href":"https:\/\/mc3.es\/en\/wp-json\/wp\/v2\/types\/page"}],"author":[{"embeddable":true,"href":"https:\/\/mc3.es\/en\/wp-json\/wp\/v2\/users\/3"}],"replies":[{"embeddable":true,"href":"https:\/\/mc3.es\/en\/wp-json\/wp\/v2\/comments?post=1234"}],"version-history":[{"count":0,"href":"https:\/\/mc3.es\/en\/wp-json\/wp\/v2\/pages\/1234\/revisions"}],"up":[{"embeddable":true,"href":"https:\/\/mc3.es\/en\/wp-json\/wp\/v2\/pages\/1133"}],"wp:attachment":[{"href":"https:\/\/mc3.es\/en\/wp-json\/wp\/v2\/media?parent=1234"}],"curies":[{"name":"wp","href":"https:\/\/api.w.org\/{rel}","templated":true}]}}