{"id":1230,"date":"2022-05-31T17:21:18","date_gmt":"2022-05-31T15:21:18","guid":{"rendered":"http:\/\/www2.centrostirling.com\/proyectos\/fadima-2021\/"},"modified":"2022-09-30T09:33:09","modified_gmt":"2022-09-30T07:33:09","slug":"fadima-2021","status":"publish","type":"page","link":"https:\/\/mc3.es\/en\/projects\/fadima-2021\/","title":{"rendered":"Fadima 2022"},"content":{"rendered":"\n<h1>\n\t\tFadima 2021\n\t<\/h1>\n\t<a href=\"\" target=\"_self\" role=\"button\" aria-label=\"Sistemas avanzados de fabricaci\u00f3n\" rel=\"noopener\">\n\t\t\t\t\t\tSistemas avanzados de fabricaci\u00f3n\n\t\t\t\t\t<\/a>\n\t<p>Aplicaci\u00f3n de la fabricaci\u00f3n aditiva en piezas\/procesos de producci\u00f3n seriada. Dise\u00f1o, c\u00e1lculo y selecci\u00f3n de tecnolog\u00eda m\u00e1s adecuada para la fabricaci\u00f3n aditiva.<\/p>\n\t\t\t\t\t\t\t\t<a href=\"https:\/\/mc3.es\/wp-content\/uploads\/2022\/05\/fadima-l.jpg\" target=\"_self\" itemprop=\"url\" rel=\"noopener\">\n\t\t\t\t\t\t\t\t\t<img decoding=\"async\" src=\"https:\/\/mc3.es\/wp-content\/uploads\/2022\/05\/fadima-l.jpg\" alt=\"fadima-l\" itemprop=\"image\" height=\"1151\" width=\"1500\" srcset=\"https:\/\/mc3.es\/wp-content\/uploads\/2022\/05\/fadima-l.jpg 1500w, https:\/\/mc3.es\/wp-content\/uploads\/2022\/05\/fadima-l-300x230.jpg 300w, https:\/\/mc3.es\/wp-content\/uploads\/2022\/05\/fadima-l-1024x786.jpg 1024w, https:\/\/mc3.es\/wp-content\/uploads\/2022\/05\/fadima-l-768x589.jpg 768w\" sizes=\"(max-width: 1500px) 100vw, 1500px\" title=\"fadima-l\" onerror=\"this.style.display='none'\">\n\t\t\t\t\t\t\t\t\t\t\t\t\t<\/a>\n","protected":false},"excerpt":{"rendered":"<p>Fadima 2021 Sistemas avanzados de fabricaci\u00f3n Aplicaci\u00f3n de la fabricaci\u00f3n aditiva en piezas\/procesos de producci\u00f3n seriada. Dise\u00f1o, c\u00e1lculo y selecci\u00f3n de tecnolog\u00eda m\u00e1s adecuada para la fabricaci\u00f3n aditiva.<\/p>\n","protected":false},"author":3,"featured_media":0,"parent":1133,"menu_order":0,"comment_status":"closed","ping_status":"closed","template":"","meta":{"footnotes":""},"class_list":["post-1230","page","type-page","status-publish","hentry"],"_links":{"self":[{"href":"https:\/\/mc3.es\/en\/wp-json\/wp\/v2\/pages\/1230","targetHints":{"allow":["GET"]}}],"collection":[{"href":"https:\/\/mc3.es\/en\/wp-json\/wp\/v2\/pages"}],"about":[{"href":"https:\/\/mc3.es\/en\/wp-json\/wp\/v2\/types\/page"}],"author":[{"embeddable":true,"href":"https:\/\/mc3.es\/en\/wp-json\/wp\/v2\/users\/3"}],"replies":[{"embeddable":true,"href":"https:\/\/mc3.es\/en\/wp-json\/wp\/v2\/comments?post=1230"}],"version-history":[{"count":0,"href":"https:\/\/mc3.es\/en\/wp-json\/wp\/v2\/pages\/1230\/revisions"}],"up":[{"embeddable":true,"href":"https:\/\/mc3.es\/en\/wp-json\/wp\/v2\/pages\/1133"}],"wp:attachment":[{"href":"https:\/\/mc3.es\/en\/wp-json\/wp\/v2\/media?parent=1230"}],"curies":[{"name":"wp","href":"https:\/\/api.w.org\/{rel}","templated":true}]}}